{"id":1251,"date":"2025-04-29T16:28:14","date_gmt":"2025-04-29T14:28:14","guid":{"rendered":"http:\/\/sabrina-mueller.webtiger-pro.eu\/contacto\/"},"modified":"2025-06-30T09:38:01","modified_gmt":"2025-06-30T07:38:01","slug":"contacto","status":"publish","type":"page","link":"https:\/\/mueller-strafrecht.de\/es\/contacto\/","title":{"rendered":"Contacto"},"content":{"rendered":"\t\t<div data-elementor-type=\"wp-page\" data-elementor-id=\"1251\" class=\"elementor elementor-1251 elementor-1245\" data-elementor-post-type=\"page\">\n\t\t\t\t<div class=\"elementor-element elementor-element-32103e9 e-con-full e-flex e-con e-parent\" data-id=\"32103e9\" data-element_type=\"container\" data-settings=\"{&quot;background_background&quot;:&quot;classic&quot;}\">\n\t\t<div class=\"elementor-element elementor-element-e21bcde e-con-full e-flex e-con e-child\" data-id=\"e21bcde\" data-element_type=\"container\">\n\t\t<div class=\"elementor-element elementor-element-1139c58 e-con-full e-flex e-con e-child\" data-id=\"1139c58\" data-element_type=\"container\">\n\t\t<div class=\"elementor-element elementor-element-70e0a70 e-con-full elementor-hidden-tablet elementor-hidden-mobile e-flex e-con e-child\" data-id=\"70e0a70\" data-element_type=\"container\">\n\t\t\t\t<div class=\"elementor-element elementor-element-985613f elementor-view-default elementor-invisible elementor-widget elementor-widget-icon\" data-id=\"985613f\" data-element_type=\"widget\" data-settings=\"{&quot;_animation&quot;:&quot;slideInUp&quot;}\" data-widget_type=\"icon.default\">\n\t\t\t\t<div class=\"elementor-widget-container\">\n\t\t\t\t\t\t\t<div class=\"elementor-icon-wrapper\">\n\t\t\t<div class=\"elementor-icon\">\n\t\t\t<svg xmlns=\"http:\/\/www.w3.org\/2000\/svg\" preserveAspectRatio=\"xMidYMid meet\" data-bbox=\"0 0 125 264\" viewBox=\"0 0 125 264\" height=\"264\" width=\"125\" data-type=\"color\" role=\"presentation\" aria-hidden=\"true\"><g><path fill=\"#FFFFFF\" d=\"M104.167 0H125L20.833 264H0L104.167 0z\" fill-rule=\"evenodd\" data-color=\"1\"><\/path><\/g><\/svg>\t\t\t<\/div>\n\t\t<\/div>\n\t\t\t\t\t\t<\/div>\n\t\t\t\t<\/div>\n\t\t\t\t<\/div>\n\t\t<div class=\"elementor-element elementor-element-13a277f e-con-full e-flex e-con e-child\" data-id=\"13a277f\" data-element_type=\"container\">\n\t\t\t\t<div class=\"elementor-element elementor-element-0c54670 animated-fast elementor-widget elementor-widget-text-editor\" data-id=\"0c54670\" data-element_type=\"widget\" data-settings=\"{&quot;_animation&quot;:&quot;none&quot;}\" data-widget_type=\"text-editor.default\">\n\t\t\t\t<div class=\"elementor-widget-container\">\n\t\t\t\t\t\t\t\t\t<p>Contacto<\/p>\n\t\t\t\t\t\t\t\t<\/div>\n\t\t\t\t<\/div>\n\t\t\t\t<\/div>\n\t\t\t\t<\/div>\n\t\t\t\t<\/div>\n\t\t\t\t<\/div>\n\t\t<div class=\"elementor-element elementor-element-5057731a e-flex e-con-boxed e-con e-parent\" data-id=\"5057731a\" data-element_type=\"container\">\n\t\t\t\t\t<div class=\"e-con-inner\">\n\t\t<div class=\"elementor-element elementor-element-5c2814e5 e-con-full e-flex e-con e-child\" data-id=\"5c2814e5\" data-element_type=\"container\">\n\t\t\t\t<div class=\"elementor-element elementor-element-35b2335c elementor-hidden-tablet elementor-hidden-mobile elementor-widget elementor-widget-image\" data-id=\"35b2335c\" data-element_type=\"widget\" data-widget_type=\"image.default\">\n\t\t\t\t<div class=\"elementor-widget-container\">\n\t\t\t\t\t\t\t\t\t\t\t\t\t\t\t<img fetchpriority=\"high\" decoding=\"async\" width=\"800\" height=\"956\" src=\"https:\/\/mueller-strafrecht.de\/wp-content\/uploads\/2025\/05\/83ff3a_3d7d45356e024cd4929c30c1faa85d5bmv2-857x1024.jpg\" class=\"attachment-large size-large wp-image-2050\" alt=\"Sabrina M\u00fcller\" srcset=\"https:\/\/mueller-strafrecht.de\/wp-content\/uploads\/2025\/05\/83ff3a_3d7d45356e024cd4929c30c1faa85d5bmv2-857x1024.jpg 857w, https:\/\/mueller-strafrecht.de\/wp-content\/uploads\/2025\/05\/83ff3a_3d7d45356e024cd4929c30c1faa85d5bmv2-251x300.jpg 251w, https:\/\/mueller-strafrecht.de\/wp-content\/uploads\/2025\/05\/83ff3a_3d7d45356e024cd4929c30c1faa85d5bmv2-768x918.jpg 768w, https:\/\/mueller-strafrecht.de\/wp-content\/uploads\/2025\/05\/83ff3a_3d7d45356e024cd4929c30c1faa85d5bmv2.avif 986w\" sizes=\"(max-width: 800px) 100vw, 800px\" \/>\t\t\t\t\t\t\t\t\t\t\t\t\t\t\t<\/div>\n\t\t\t\t<\/div>\n\t\t\t\t<\/div>\n\t\t<div class=\"elementor-element elementor-element-966d0f1 e-con-full e-flex e-con e-child\" data-id=\"966d0f1\" data-element_type=\"container\">\n\t\t<div class=\"elementor-element elementor-element-2060ebe2 e-con-full elementor-hidden-tablet elementor-hidden-mobile e-flex e-con e-child\" data-id=\"2060ebe2\" data-element_type=\"container\">\n\t\t\t\t<div class=\"elementor-element elementor-element-4c361a28 elementor-view-default elementor-invisible elementor-widget elementor-widget-icon\" data-id=\"4c361a28\" data-element_type=\"widget\" data-settings=\"{&quot;_animation&quot;:&quot;slideInUp&quot;}\" data-widget_type=\"icon.default\">\n\t\t\t\t<div class=\"elementor-widget-container\">\n\t\t\t\t\t\t\t<div class=\"elementor-icon-wrapper\">\n\t\t\t<div class=\"elementor-icon\">\n\t\t\t<svg xmlns=\"http:\/\/www.w3.org\/2000\/svg\" preserveAspectRatio=\"xMidYMid meet\" data-bbox=\"0 0 125 264\" viewBox=\"0 0 125 264\" height=\"264\" width=\"125\" data-type=\"color\" role=\"presentation\" aria-hidden=\"true\"><defs><style>#comp-jtr472u2 svg [data-color=\"1\"] {fill: #2F8986;}<\/style><\/defs><g><path fill=\"#2F8986\" d=\"M104.167 0H125L20.833 264H0L104.167 0z\" fill-rule=\"evenodd\" data-color=\"1\"><\/path><\/g><\/svg>\t\t\t<\/div>\n\t\t<\/div>\n\t\t\t\t\t\t<\/div>\n\t\t\t\t<\/div>\n\t\t\t\t<\/div>\n\t\t<div class=\"elementor-element elementor-element-24ecf8a e-con-full e-flex e-con e-child\" data-id=\"24ecf8a\" data-element_type=\"container\">\n\t\t<div class=\"elementor-element elementor-element-eb5e313 e-con-full e-flex e-con e-child\" data-id=\"eb5e313\" data-element_type=\"container\">\n\t\t\t\t<div class=\"elementor-element elementor-element-6b8ddb8e animated-fast elementor-hidden-desktop elementor-hidden-laptop elementor-hidden-tablet elementor-hidden-mobile elementor-invisible elementor-widget elementor-widget-text-editor\" data-id=\"6b8ddb8e\" data-element_type=\"widget\" data-settings=\"{&quot;_animation&quot;:&quot;slideInUp&quot;}\" data-widget_type=\"text-editor.default\">\n\t\t\t\t<div class=\"elementor-widget-container\">\n\t\t\t\t\t\t\t\t\t<p>No dude en<\/p>\n<p>\u00a1ponerse en contacto conmigo!<\/p>\n\t\t\t\t\t\t\t\t<\/div>\n\t\t\t\t<\/div>\n\t\t\t\t<div class=\"elementor-element elementor-element-59a8975 animated-fast elementor-invisible elementor-widget elementor-widget-text-editor\" data-id=\"59a8975\" data-element_type=\"widget\" data-settings=\"{&quot;_animation&quot;:&quot;slideInUp&quot;}\" data-widget_type=\"text-editor.default\">\n\t\t\t\t<div class=\"elementor-widget-container\">\n\t\t\t\t\t\t\t\t\t<h1><strong>No dude en<br \/>\n\u00a1ponerse en contacto conmigo!<\/strong><\/h1>\n\t\t\t\t\t\t\t\t<\/div>\n\t\t\t\t<\/div>\n\t\t\t\t<div class=\"elementor-element elementor-element-3d3d22e7 animated-fast elementor-invisible elementor-widget elementor-widget-text-editor\" data-id=\"3d3d22e7\" data-element_type=\"widget\" data-settings=\"{&quot;_animation&quot;:&quot;slideInUp&quot;}\" data-widget_type=\"text-editor.default\">\n\t\t\t\t<div class=\"elementor-widget-container\">\n\t\t\t\t\t\t\t\t\t<ul>\n<li>Ya sea por <strong><a href=\"tel:+4969348669200\">tel\u00e9fono<\/a><\/strong><\/li>\n<li>correo <strong><a href=\"mailto:kanzlei@mueller-strafrecht.de\">electr\u00f3nico<\/a><\/strong><\/li>\n<\/ul>\n<p>&nbsp;<\/p>\n<p>o a trav\u00e9s del formulario de contacto, \u00a1me encantar\u00e1 recibir noticias suyas!<\/p>\n\t\t\t\t\t\t\t\t<\/div>\n\t\t\t\t<\/div>\n\t\t\t\t<div class=\"elementor-element elementor-element-1a3870a6 elementor-button-align-stretch elementor-widget elementor-widget-form\" data-id=\"1a3870a6\" data-element_type=\"widget\" data-settings=\"{&quot;button_width&quot;:&quot;50&quot;,&quot;step_next_label&quot;:&quot;Next&quot;,&quot;step_previous_label&quot;:&quot;Previous&quot;,&quot;step_type&quot;:&quot;number_text&quot;,&quot;step_icon_shape&quot;:&quot;circle&quot;}\" data-widget_type=\"form.default\">\n\t\t\t\t<div class=\"elementor-widget-container\">\n\t\t\t\t\t\t\t<form class=\"elementor-form\" method=\"post\" id=\"new_form_id\" name=\"Formulario\" aria-label=\"Formulario\">\n\t\t\t<input type=\"hidden\" name=\"post_id\" value=\"1251\"\/>\n\t\t\t<input type=\"hidden\" name=\"form_id\" value=\"1a3870a6\"\/>\n\t\t\t<input type=\"hidden\" name=\"referer_title\" value=\"Contacto - Rechtsanw\u00e4ltin Sabrina M\u00fcller\" \/>\n\n\t\t\t\t\t\t\t<input type=\"hidden\" name=\"queried_id\" value=\"1251\"\/>\n\t\t\t\n\t\t\t<div class=\"elementor-form-fields-wrapper elementor-labels-\">\n\t\t\t\t\t\t\t\t<div class=\"elementor-field-type-text elementor-field-group elementor-column elementor-field-group-name elementor-col-100 elementor-field-required\">\n\t\t\t\t\t\t\t\t\t\t\t\t<label for=\"form-field-name\" class=\"elementor-field-label elementor-screen-only\">\n\t\t\t\t\t\t\t\tName\t\t\t\t\t\t\t<\/label>\n\t\t\t\t\t\t\t\t\t\t\t\t\t\t<input size=\"1\" type=\"text\" name=\"form_fields[name]\" id=\"form-field-name\" class=\"elementor-field elementor-size-md  elementor-field-textual\" placeholder=\"Name\" required=\"required\">\n\t\t\t\t\t\t\t\t\t\t\t<\/div>\n\t\t\t\t\t\t\t\t<div class=\"elementor-field-type-email elementor-field-group elementor-column elementor-field-group-email elementor-col-100 elementor-field-required\">\n\t\t\t\t\t\t\t\t\t\t\t\t<label for=\"form-field-email\" class=\"elementor-field-label elementor-screen-only\">\n\t\t\t\t\t\t\t\tEmail\t\t\t\t\t\t\t<\/label>\n\t\t\t\t\t\t\t\t\t\t\t\t\t\t<input size=\"1\" type=\"email\" name=\"form_fields[email]\" id=\"form-field-email\" class=\"elementor-field elementor-size-md  elementor-field-textual\" placeholder=\"Email\" required=\"required\">\n\t\t\t\t\t\t\t\t\t\t\t<\/div>\n\t\t\t\t\t\t\t\t<div class=\"elementor-field-type-tel elementor-field-group elementor-column elementor-field-group-field_ed08835 elementor-col-100 elementor-field-required\">\n\t\t\t\t\t\t\t\t\t\t\t\t<label for=\"form-field-field_ed08835\" class=\"elementor-field-label elementor-screen-only\">\n\t\t\t\t\t\t\t\tTel\u00e9fono\t\t\t\t\t\t\t<\/label>\n\t\t\t\t\t\t\t\t<input size=\"1\" type=\"tel\" name=\"form_fields[field_ed08835]\" id=\"form-field-field_ed08835\" class=\"elementor-field elementor-size-md  elementor-field-textual\" placeholder=\"Tel\u00e9fono\" required=\"required\" pattern=\"[0-9()#&amp;+*-=.]+\" title=\"Solo se aceptan n\u00fameros y caracteres de tel\u00e9fono (#,-,*,etc).\">\n\n\t\t\t\t\t\t<\/div>\n\t\t\t\t\t\t\t\t<div class=\"elementor-field-type-textarea elementor-field-group elementor-column elementor-field-group-message elementor-col-100 elementor-field-required\">\n\t\t\t\t\t\t\t\t\t\t\t\t<label for=\"form-field-message\" class=\"elementor-field-label elementor-screen-only\">\n\t\t\t\t\t\t\t\tMensaje\t\t\t\t\t\t\t<\/label>\n\t\t\t\t\t\t<textarea class=\"elementor-field-textual elementor-field  elementor-size-md\" name=\"form_fields[message]\" id=\"form-field-message\" rows=\"4\" placeholder=\"Mensaje\" required=\"required\"><\/textarea>\t\t\t\t<\/div>\n\t\t\t\t\t\t\t\t<div class=\"elementor-field-group elementor-column elementor-field-type-submit elementor-col-50 e-form__buttons\">\n\t\t\t\t\t<button class=\"elementor-button elementor-size-sm\" type=\"submit\">\n\t\t\t\t\t\t<span class=\"elementor-button-content-wrapper\">\n\t\t\t\t\t\t\t\t\t\t\t\t\t\t\t\t\t\t\t\t\t\t<span class=\"elementor-button-text\">Hacer contacto<\/span>\n\t\t\t\t\t\t\t\t\t\t\t\t\t<\/span>\n\t\t\t\t\t<\/button>\n\t\t\t\t<\/div>\n\t\t\t<\/div>\n\t\t<input\n                    class=\"apbct_special_field apbct_email_id__elementor_form\"\n                    name=\"apbct__email_id__elementor_form\"\n                    aria-label=\"apbct__label_id__elementor_form\"\n                    type=\"text\" size=\"30\" maxlength=\"200\" autocomplete=\"off\"\n                    value=\"\"\n                \/><\/form>\n\t\t\t\t\t\t<\/div>\n\t\t\t\t<\/div>\n\t\t\t\t<\/div>\n\t\t\t\t<\/div>\n\t\t\t\t<\/div>\n\t\t\t\t\t<\/div>\n\t\t\t\t<\/div>\n\t\t<div class=\"elementor-element elementor-element-0350810 e-flex e-con-boxed e-con e-parent\" data-id=\"0350810\" data-element_type=\"container\" data-settings=\"{&quot;background_background&quot;:&quot;classic&quot;}\">\n\t\t\t\t\t<div class=\"e-con-inner\">\n\t\t<div class=\"elementor-element elementor-element-d0ad1ce e-con-full e-flex e-con e-child\" data-id=\"d0ad1ce\" data-element_type=\"container\">\n\t\t<div class=\"elementor-element elementor-element-79b55d5 e-con-full elementor-hidden-tablet elementor-hidden-mobile e-flex e-con e-child\" data-id=\"79b55d5\" data-element_type=\"container\">\n\t\t\t\t<div class=\"elementor-element elementor-element-20e6891 elementor-view-default elementor-invisible elementor-widget elementor-widget-icon\" data-id=\"20e6891\" data-element_type=\"widget\" data-settings=\"{&quot;_animation&quot;:&quot;slideInUp&quot;}\" data-widget_type=\"icon.default\">\n\t\t\t\t<div class=\"elementor-widget-container\">\n\t\t\t\t\t\t\t<div class=\"elementor-icon-wrapper\">\n\t\t\t<div class=\"elementor-icon\">\n\t\t\t<svg xmlns=\"http:\/\/www.w3.org\/2000\/svg\" preserveAspectRatio=\"xMidYMid meet\" data-bbox=\"0 0 125 264\" viewBox=\"0 0 125 264\" height=\"264\" width=\"125\" data-type=\"color\" role=\"presentation\" aria-hidden=\"true\"><defs><style>#comp-jtr472u2 svg [data-color=\"1\"] {fill: #2F8986;}<\/style><\/defs><g><path fill=\"#2F8986\" d=\"M104.167 0H125L20.833 264H0L104.167 0z\" fill-rule=\"evenodd\" data-color=\"1\"><\/path><\/g><\/svg>\t\t\t<\/div>\n\t\t<\/div>\n\t\t\t\t\t\t<\/div>\n\t\t\t\t<\/div>\n\t\t\t\t<\/div>\n\t\t<div class=\"elementor-element elementor-element-c9dee52 e-con-full e-flex e-con e-child\" data-id=\"c9dee52\" data-element_type=\"container\">\n\t\t<div class=\"elementor-element elementor-element-9803a2e e-con-full e-flex e-con e-child\" data-id=\"9803a2e\" data-element_type=\"container\">\n\t\t\t\t<div class=\"elementor-element elementor-element-f93bfe7 elementor-invisible elementor-widget elementor-widget-text-editor\" data-id=\"f93bfe7\" data-element_type=\"widget\" data-settings=\"{&quot;_animation&quot;:&quot;slideInUp&quot;}\" data-widget_type=\"text-editor.default\">\n\t\t\t\t<div class=\"elementor-widget-container\">\n\t\t\t\t\t\t\t\t\t<p>Desde mayo de 2025, encontrar\u00e1 mi bufete de abogados en el coraz\u00f3n del distrito Westend de Fr\u00e1ncfort, en la calle Kettenhofweg 128, en un edificio cargado de historia que hasta 2014 fue sede de la Oficina de Examen de Psicolog\u00eda Social y Diagn\u00f3stico de la Universidad Goethe.<\/p>\n<p>&nbsp;<\/p>\n<p>En consonancia con el lema de la \u00e9poca, \u00abreinicio y expansi\u00f3n\u00bb, espero poder defenderle, protegerle y fortalecerle a usted y a sus derechos con todo lo que tengo a mi disposici\u00f3n tras las dr\u00e1sticas medidas y el considerable impacto de los procedimientos penales.<\/p>\n\t\t\t\t\t\t\t\t<\/div>\n\t\t\t\t<\/div>\n\t\t\t\t<\/div>\n\t\t\t\t<\/div>\n\t\t\t\t<\/div>\n\t\t<div class=\"elementor-element elementor-element-a1bf000 e-con-full e-flex e-con e-child\" data-id=\"a1bf000\" data-element_type=\"container\" data-settings=\"{&quot;background_background&quot;:&quot;classic&quot;}\">\n\t\t\t\t<div class=\"elementor-element elementor-element-c46ac07 elementor-widget elementor-widget-image\" data-id=\"c46ac07\" data-element_type=\"widget\" data-widget_type=\"image.default\">\n\t\t\t\t<div class=\"elementor-widget-container\">\n\t\t\t\t\t\t\t\t\t\t\t\t\t\t\t<img decoding=\"async\" width=\"618\" height=\"1024\" src=\"https:\/\/mueller-strafrecht.de\/wp-content\/uploads\/2025\/05\/Kanzlei-Schwarz-Weiss-Scale-618x1024.jpg\" class=\"attachment-large size-large wp-image-1969\" alt=\"Kanzlei Schwarz-Wei\u00df\" srcset=\"https:\/\/mueller-strafrecht.de\/wp-content\/uploads\/2025\/05\/Kanzlei-Schwarz-Weiss-Scale-618x1024.jpg 618w, https:\/\/mueller-strafrecht.de\/wp-content\/uploads\/2025\/05\/Kanzlei-Schwarz-Weiss-Scale-181x300.jpg 181w, https:\/\/mueller-strafrecht.de\/wp-content\/uploads\/2025\/05\/Kanzlei-Schwarz-Weiss-Scale-768x1272.jpg 768w, https:\/\/mueller-strafrecht.de\/wp-content\/uploads\/2025\/05\/Kanzlei-Schwarz-Weiss-Scale-927x1536.jpg 927w, https:\/\/mueller-strafrecht.de\/wp-content\/uploads\/2025\/05\/Kanzlei-Schwarz-Weiss-Scale-1236x2048.jpg 1236w, https:\/\/mueller-strafrecht.de\/wp-content\/uploads\/2025\/05\/Kanzlei-Schwarz-Weiss-Scale-scaled.jpg 1545w\" sizes=\"(max-width: 618px) 100vw, 618px\" \/>\t\t\t\t\t\t\t\t\t\t\t\t\t\t\t<\/div>\n\t\t\t\t<\/div>\n\t\t\t\t<\/div>\n\t\t\t\t\t<\/div>\n\t\t\t\t<\/div>\n\t\t<div class=\"elementor-element elementor-element-6798f6e8 e-con-full e-flex e-con e-parent\" data-id=\"6798f6e8\" data-element_type=\"container\">\n\t\t<div class=\"elementor-element elementor-element-125d3ca1 e-con-full e-flex e-con e-child\" data-id=\"125d3ca1\" data-element_type=\"container\" data-settings=\"{&quot;background_background&quot;:&quot;classic&quot;}\">\n\t\t\t\t<div class=\"elementor-element elementor-element-44f5d9ea animated-fast elementor-invisible elementor-widget elementor-widget-text-editor\" data-id=\"44f5d9ea\" data-element_type=\"widget\" data-settings=\"{&quot;_animation&quot;:&quot;slideInUp&quot;}\" data-widget_type=\"text-editor.default\">\n\t\t\t\t<div class=\"elementor-widget-container\">\n\t\t\t\t\t\t\t\t\t<h2>Puede ponerse en contacto conmigo a trav\u00e9s de las siguientes opciones de contacto:<\/h2>\n\t\t\t\t\t\t\t\t<\/div>\n\t\t\t\t<\/div>\n\t\t\t\t<div class=\"elementor-element elementor-element-1a404063 animated-fast elementor-icon-list--layout-traditional elementor-list-item-link-full_width elementor-invisible elementor-widget elementor-widget-icon-list\" data-id=\"1a404063\" data-element_type=\"widget\" data-settings=\"{&quot;_animation&quot;:&quot;slideInUp&quot;}\" data-widget_type=\"icon-list.default\">\n\t\t\t\t<div class=\"elementor-widget-container\">\n\t\t\t\t\t\t\t<ul class=\"elementor-icon-list-items\">\n\t\t\t\t\t\t\t<li class=\"elementor-icon-list-item\">\n\t\t\t\t\t\t\t\t\t\t\t<a href=\"tel:+4969348669200\">\n\n\t\t\t\t\t\t\t\t\t\t\t\t<span class=\"elementor-icon-list-icon\">\n\t\t\t\t\t\t\t<svg aria-hidden=\"true\" class=\"e-font-icon-svg e-fas-phone-alt\" viewBox=\"0 0 512 512\" xmlns=\"http:\/\/www.w3.org\/2000\/svg\"><path d=\"M497.39 361.8l-112-48a24 24 0 0 0-28 6.9l-49.6 60.6A370.66 370.66 0 0 1 130.6 204.11l60.6-49.6a23.94 23.94 0 0 0 6.9-28l-48-112A24.16 24.16 0 0 0 122.6.61l-104 24A24 24 0 0 0 0 48c0 256.5 207.9 464 464 464a24 24 0 0 0 23.4-18.6l24-104a24.29 24.29 0 0 0-14.01-27.6z\"><\/path><\/svg>\t\t\t\t\t\t<\/span>\n\t\t\t\t\t\t\t\t\t\t<span class=\"elementor-icon-list-text\">+49 (0) 69 3486 6920 0<\/span>\n\t\t\t\t\t\t\t\t\t\t\t<\/a>\n\t\t\t\t\t\t\t\t\t<\/li>\n\t\t\t\t\t\t\t\t<li class=\"elementor-icon-list-item\">\n\t\t\t\t\t\t\t\t\t\t\t<a href=\"tel:+4969348669209\">\n\n\t\t\t\t\t\t\t\t\t\t\t\t<span class=\"elementor-icon-list-icon\">\n\t\t\t\t\t\t\t<svg aria-hidden=\"true\" class=\"e-font-icon-svg e-fas-fax\" viewBox=\"0 0 512 512\" xmlns=\"http:\/\/www.w3.org\/2000\/svg\"><path d=\"M480 160V77.25a32 32 0 0 0-9.38-22.63L425.37 9.37A32 32 0 0 0 402.75 0H160a32 32 0 0 0-32 32v448a32 32 0 0 0 32 32h320a32 32 0 0 0 32-32V192a32 32 0 0 0-32-32zM288 432a16 16 0 0 1-16 16h-32a16 16 0 0 1-16-16v-32a16 16 0 0 1 16-16h32a16 16 0 0 1 16 16zm0-128a16 16 0 0 1-16 16h-32a16 16 0 0 1-16-16v-32a16 16 0 0 1 16-16h32a16 16 0 0 1 16 16zm128 128a16 16 0 0 1-16 16h-32a16 16 0 0 1-16-16v-32a16 16 0 0 1 16-16h32a16 16 0 0 1 16 16zm0-128a16 16 0 0 1-16 16h-32a16 16 0 0 1-16-16v-32a16 16 0 0 1 16-16h32a16 16 0 0 1 16 16zm0-112H192V64h160v48a16 16 0 0 0 16 16h48zM64 128H32a32 32 0 0 0-32 32v320a32 32 0 0 0 32 32h32a32 32 0 0 0 32-32V160a32 32 0 0 0-32-32z\"><\/path><\/svg>\t\t\t\t\t\t<\/span>\n\t\t\t\t\t\t\t\t\t\t<span class=\"elementor-icon-list-text\">+49 (0) 69 3486 6920 9<\/span>\n\t\t\t\t\t\t\t\t\t\t\t<\/a>\n\t\t\t\t\t\t\t\t\t<\/li>\n\t\t\t\t\t\t\t\t<li class=\"elementor-icon-list-item\">\n\t\t\t\t\t\t\t\t\t\t\t<a href=\"mailto:kanzlei@mueller-strafrecht.de\">\n\n\t\t\t\t\t\t\t\t\t\t\t\t<span class=\"elementor-icon-list-icon\">\n\t\t\t\t\t\t\t<svg aria-hidden=\"true\" class=\"e-font-icon-svg e-fas-envelope\" viewBox=\"0 0 512 512\" xmlns=\"http:\/\/www.w3.org\/2000\/svg\"><path d=\"M502.3 190.8c3.9-3.1 9.7-.2 9.7 4.7V400c0 26.5-21.5 48-48 48H48c-26.5 0-48-21.5-48-48V195.6c0-5 5.7-7.8 9.7-4.7 22.4 17.4 52.1 39.5 154.1 113.6 21.1 15.4 56.7 47.8 92.2 47.6 35.7.3 72-32.8 92.3-47.6 102-74.1 131.6-96.3 154-113.7zM256 320c23.2.4 56.6-29.2 73.4-41.4 132.7-96.3 142.8-104.7 173.4-128.7 5.8-4.5 9.2-11.5 9.2-18.9v-19c0-26.5-21.5-48-48-48H48C21.5 64 0 85.5 0 112v19c0 7.4 3.4 14.3 9.2 18.9 30.6 23.9 40.7 32.4 173.4 128.7 16.8 12.2 50.2 41.8 73.4 41.4z\"><\/path><\/svg>\t\t\t\t\t\t<\/span>\n\t\t\t\t\t\t\t\t\t\t<span class=\"elementor-icon-list-text\">kanzlei@mueller-strafrecht.de<\/span>\n\t\t\t\t\t\t\t\t\t\t\t<\/a>\n\t\t\t\t\t\t\t\t\t<\/li>\n\t\t\t\t\t\t\t\t<li class=\"elementor-icon-list-item\">\n\t\t\t\t\t\t\t\t\t\t\t<span class=\"elementor-icon-list-icon\">\n\t\t\t\t\t\t\t<svg aria-hidden=\"true\" class=\"e-font-icon-svg e-fas-map-marker\" viewBox=\"0 0 384 512\" xmlns=\"http:\/\/www.w3.org\/2000\/svg\"><path d=\"M172.268 501.67C26.97 291.031 0 269.413 0 192 0 85.961 85.961 0 192 0s192 85.961 192 192c0 77.413-26.97 99.031-172.268 309.67-9.535 13.774-29.93 13.773-39.464 0z\"><\/path><\/svg>\t\t\t\t\t\t<\/span>\n\t\t\t\t\t\t\t\t\t\t<span class=\"elementor-icon-list-text\">Kettenhofweg 128, 60325 Frankfurt am Main<\/span>\n\t\t\t\t\t\t\t\t\t<\/li>\n\t\t\t\t\t\t<\/ul>\n\t\t\t\t\t\t<\/div>\n\t\t\t\t<\/div>\n\t\t<div class=\"elementor-element elementor-element-b87d1fe e-con-full e-flex e-con e-child\" data-id=\"b87d1fe\" data-element_type=\"container\" data-settings=\"{&quot;background_background&quot;:&quot;classic&quot;}\">\n\t\t\t\t<div class=\"elementor-element elementor-element-9f2bd32 animated-fast elementor-invisible elementor-widget elementor-widget-text-editor\" data-id=\"9f2bd32\" data-element_type=\"widget\" data-settings=\"{&quot;_animation&quot;:&quot;slideInUp&quot;}\" data-widget_type=\"text-editor.default\">\n\t\t\t\t<div class=\"elementor-widget-container\">\n\t\t\t\t\t\t\t\t\t<p><strong>\u00bfArresto, b\u00fasqueda?<\/strong><\/p>\n<div id=\"gtx-trans\" style=\"position: absolute; left: 220px; top: 38.5px;\">\n<div class=\"gtx-trans-icon\"><\/div>\n<p><\/div>\n\t\t\t\t\t\t\t\t<\/div>\n\t\t\t\t<\/div>\n\t\t\t\t<div class=\"elementor-element elementor-element-4d45cad animated-fast elementor-invisible elementor-widget elementor-widget-text-editor\" data-id=\"4d45cad\" data-element_type=\"widget\" data-settings=\"{&quot;_animation&quot;:&quot;slideInUp&quot;}\" data-widget_type=\"text-editor.default\">\n\t\t\t\t<div class=\"elementor-widget-container\">\n\t\t\t\t\t\t\t\t\t<p><span style=\"font-family: -apple-system, BlinkMacSystemFont, 'Segoe UI', Roboto, 'Helvetica Neue', Arial, 'Noto Sans', sans-serif, 'Apple Color Emoji', 'Segoe UI Emoji', 'Segoe UI Symbol', 'Noto Color Emoji';\">Puede comunicarse conmigo fuera del<\/span><\/p>\n<p>horario de oficina al <a href=\"tel:+4915174489055\">+49 (0) 151 744 890 55<\/a><\/p>\n\t\t\t\t\t\t\t\t<\/div>\n\t\t\t\t<\/div>\n\t\t\t\t<\/div>\n\t\t\t\t<\/div>\n\t\t\t\t<div class=\"elementor-element elementor-element-5a96e21d elementor-widget elementor-widget-google_maps\" data-id=\"5a96e21d\" data-element_type=\"widget\" data-widget_type=\"google_maps.default\">\n\t\t\t\t<div class=\"elementor-widget-container\">\n\t\t\t\t\t\t\t<div class=\"elementor-custom-embed\">\n\t\t\t <div class=\"brlbs-cmpnt-container brlbs-cmpnt-content-blocker brlbs-cmpnt-with-individual-styles\" data-borlabs-cookie-content-blocker-id=\"default\" data-borlabs-cookie-content=\"PGlmcmFtZSBsb2FkaW5nPSJsYXp5IgoJCQkJCXNyYz0iaHR0cHM6Ly9tYXBzLmdvb2dsZS5jb20vbWFwcz9xPUtldHRlbmhvZndlZyUyMDEyOCUyQyUyMDYwMzI1JTIwRnJhbmtmdXJ0JTIwYW0lMjBNYWluJiMwMzg7dD1tJiMwMzg7ej0xNSYjMDM4O291dHB1dD1lbWJlZCYjMDM4O2l3bG9jPW5lYXIiCgkJCQkJdGl0bGU9IktldHRlbmhvZndlZyAxMjgsIDYwMzI1IEZyYW5rZnVydCBhbSBNYWluIgoJCQkJCWFyaWEtbGFiZWw9IktldHRlbmhvZndlZyAxMjgsIDYwMzI1IEZyYW5rZnVydCBhbSBNYWluIgoJCQk+PC9pZnJhbWU+\"><div class=\"brlbs-cmpnt-cb-preset-a\"> <p class=\"brlbs-cmpnt-cb-description\">Est\u00e1s viendo un contenido de marcador de posici\u00f3n de <strong>Predeterminado<\/strong>. Para acceder al contenido real, haz clic en el siguiente bot\u00f3n. Ten en cuenta que al hacerlo compartir\u00e1s datos con terceros proveedores.<\/p> <div class=\"brlbs-cmpnt-cb-buttons\"> <a class=\"brlbs-cmpnt-cb-btn\" href=\"#\" data-borlabs-cookie-unblock role=\"button\">Desbloquear contenido<\/a> <a class=\"brlbs-cmpnt-cb-btn\" href=\"#\" data-borlabs-cookie-accept-service role=\"button\" style=\"display: none\">Aceptar el servicio requerido y desbloquear los contenidos<\/a> <\/div> <a class=\"brlbs-cmpnt-cb-provider-toggle\" href=\"#\" data-borlabs-cookie-show-provider-information role=\"button\">M\u00e1s informaci\u00f3n<\/a> <\/div><\/div>\n\t\t<\/div>\n\t\t\t\t\t\t<\/div>\n\t\t\t\t<\/div>\n\t\t\t\t<\/div>\n\t\t\t\t<\/div>\n\t\t","protected":false},"excerpt":{"rendered":"<p>Contacto No dude en \u00a1ponerse en contacto conmigo! No dude en \u00a1ponerse en contacto conmigo! Ya sea por tel\u00e9fono correo electr\u00f3nico &nbsp; o a trav\u00e9s del formulario de contacto, \u00a1me encantar\u00e1 recibir noticias suyas! Desde mayo de 2025, encontrar\u00e1 mi bufete de abogados en el coraz\u00f3n del distrito Westend de Fr\u00e1ncfort, en la calle Kettenhofweg [&hellip;]<\/p>\n","protected":false},"author":1,"featured_media":0,"parent":0,"menu_order":0,"comment_status":"closed","ping_status":"closed","template":"","meta":{"_uag_custom_page_level_css":"","footnotes":""},"class_list":["post-1251","page","type-page","status-publish","hentry"],"uagb_featured_image_src":{"full":false,"thumbnail":false,"medium":false,"medium_large":false,"large":false,"1536x1536":false,"2048x2048":false},"uagb_author_info":{"display_name":"WebTiger Pro","author_link":"https:\/\/mueller-strafrecht.de\/es\/author\/webtiger-pro\/"},"uagb_comment_info":0,"uagb_excerpt":"Contacto No dude en \u00a1ponerse en contacto conmigo! No dude en \u00a1ponerse en contacto conmigo! Ya sea por tel\u00e9fono correo electr\u00f3nico &nbsp; o a trav\u00e9s del formulario de contacto, \u00a1me encantar\u00e1 recibir noticias suyas! Desde mayo de 2025, encontrar\u00e1 mi bufete de abogados en el coraz\u00f3n del distrito Westend de Fr\u00e1ncfort, en la calle Kettenhofweg&hellip;","_links":{"self":[{"href":"https:\/\/mueller-strafrecht.de\/es\/wp-json\/wp\/v2\/pages\/1251","targetHints":{"allow":["GET"]}}],"collection":[{"href":"https:\/\/mueller-strafrecht.de\/es\/wp-json\/wp\/v2\/pages"}],"about":[{"href":"https:\/\/mueller-strafrecht.de\/es\/wp-json\/wp\/v2\/types\/page"}],"author":[{"embeddable":true,"href":"https:\/\/mueller-strafrecht.de\/es\/wp-json\/wp\/v2\/users\/1"}],"replies":[{"embeddable":true,"href":"https:\/\/mueller-strafrecht.de\/es\/wp-json\/wp\/v2\/comments?post=1251"}],"version-history":[{"count":19,"href":"https:\/\/mueller-strafrecht.de\/es\/wp-json\/wp\/v2\/pages\/1251\/revisions"}],"predecessor-version":[{"id":2929,"href":"https:\/\/mueller-strafrecht.de\/es\/wp-json\/wp\/v2\/pages\/1251\/revisions\/2929"}],"wp:attachment":[{"href":"https:\/\/mueller-strafrecht.de\/es\/wp-json\/wp\/v2\/media?parent=1251"}],"curies":[{"name":"wp","href":"https:\/\/api.w.org\/{rel}","templated":true}]}}